{"id":1267,"date":"2023-07-18T09:52:27","date_gmt":"2023-07-18T07:52:27","guid":{"rendered":"https:\/\/www.ocergy.com\/?page_id=1267"},"modified":"2026-04-01T00:11:42","modified_gmt":"2026-03-31T22:11:42","slug":"legal-notice","status":"publish","type":"page","link":"https:\/\/www.ocergy.com\/fr\/legal-notice","title":{"rendered":"Legal Notice"},"content":{"rendered":"<div class=\"wpb-content-wrapper\"><p>[vc_section el_id=\u00a0\u00bbpage-legal-notice\u00a0\u00bb][vc_row bg_position=\u00a0\u00bbcenter center\u00a0\u00bb enable_overlay=\u00a0\u00bbyes\u00a0\u00bb el_id=\u00a0\u00bbheader-page\u00a0\u00bb css=\u00a0\u00bb.vc_custom_1695715999274{padding-bottom: 132px !important;background-image: url(https:\/\/www.ocergy.com\/wp-content\/uploads\/2023\/09\/WEB-OCG-BG3.jpg?id=1364) !important;background-position: center !important;background-repeat: no-repeat !important;background-size: cover !important;}\u00a0\u00bb responsive_css=\u00a0\u00bbpadding_bottom_large:132px|padding_bottom_medium:132px|padding_bottom_small:132px\u00a0\u00bb overlay_bg=\u00a0\u00bblinear-gradient(180deg, rgb(2, 70, 104) 0%, rgba(46, 102, 130, 0.74) 33.99339933993399%, rgba(4, 72, 105, 0.04) 71.28712871287128%, rgba(2, 70, 104, 0) 100%)\u00a0\u00bb][vc_column][vc_custom_heading text=\u00a0\u00bbMentions l\u00e9gales\u00a0\u00bb font_container=\u00a0\u00bbtag:h1|text_align:left\u00a0\u00bb][\/vc_column][\/vc_row][vc_row el_id=\u00a0\u00bbdescription-legal-notice\u00a0\u00bb responsive_css=\u00a0\u00bbpadding_top_large:90px|padding_bottom_large:90px\u00a0\u00bb css=\u00a0\u00bb.vc_custom_1694192060667{padding-top: 30px !important;padding-bottom: 30px !important;}\u00a0\u00bb][vc_column][vc_column_text el_class=\u00a0\u00bbovertitle\u00a0\u00bb]\u00c0 propos[\/vc_column_text][vc_custom_heading text=\u00a0\u00bbRaison sociale : OCERGY, Inc.\u00a0\u00bb][vc_column_text]<span lang=\"fr\" data-olk-copy-source=\"MessageBody\"><b>Si\u00e8ge social :<\/b> 66 Franklin St, Suite 300, Oakland CA 94611 USA<br \/>\n<b>Courriel :<\/b> <\/span><a title=\"mailto:contact@ocergy.com\" href=\"mailto:contact@ocergy.com\" data-linkindex=\"0\"><span lang=\"fr\">contact@ocergy.com<\/span><\/a><span lang=\"fr\"><br \/>\n<b>Directeur de la publication :<\/b> Dominique Roddier, Directeur G\u00e9n\u00e9ral<\/span><\/p>\n<p><b><span lang=\"fr\">H\u00e9bergeur :<\/span><\/b><span lang=\"fr\"> IONOS 1&amp;1 IONOS SARL<br \/>\nNum\u00e9ro de t\u00e9l\u00e9phone du service client : 09 70 808 911<br \/>\nAdresse \u00e9lectronique du service client : <\/span><a title=\"mailto:info@ionos.fr\" href=\"mailto:info@ionos.fr\" data-linkindex=\"1\"><span lang=\"fr\">info@ionos.fr<\/span><\/a><span lang=\"fr\"><br \/>\nAdresse : 7 place de la Gare BP 70109 57200 Sarreguemines CEDEX<\/span><\/p>\n<div align=\"center\">\n<hr align=\"center\" size=\"0\" width=\"87%\" \/>\n<\/div>\n<p><b><span lang=\"fr\">Conditions g\u00e9n\u00e9rales d&rsquo;utilisation<\/span><\/b><\/p>\n<p><span lang=\"fr\">En acc\u00e9dant \u00e0 ce site Internet et en l&rsquo;utilisant, vous acceptez de vous conformer aux conditions g\u00e9n\u00e9rales d&rsquo;utilisation suivantes et d&rsquo;\u00eatre li\u00e9 par celles-ci. Si vous n&rsquo;acceptez pas ces conditions g\u00e9n\u00e9rales, veuillez ne pas utiliser ce site.<\/span><\/p>\n<p><span lang=\"fr\">Les contenus pr\u00e9sents sur ce site Internet sont prot\u00e9g\u00e9s par les lois applicables en mati\u00e8re de droit d&rsquo;auteur et de marques. Les informations et documents fournis sur ce site sont destin\u00e9s \u00e0 des fins d&rsquo;information g\u00e9n\u00e9rale uniquement et ne constituent pas un conseil juridique ou professionnel.<\/span><\/p>\n<p><span lang=\"fr\">Ocergy, Inc., ainsi que l&rsquo;ensemble de ses filiales et soci\u00e9t\u00e9s affili\u00e9es (ci-apr\u00e8s collectivement d\u00e9sign\u00e9es \u00ab OCERGY \u00bb), ne formule aucune d\u00e9claration ni garantie, expresse ou implicite, concernant l&rsquo;exactitude, l&rsquo;exhaustivit\u00e9 ou la fiabilit\u00e9 des informations contenues sur ce site Internet. Toute confiance que vous accordez \u00e0 ces informations rel\u00e8ve strictement de votre propre responsabilit\u00e9.<\/span><\/p>\n<p><span lang=\"fr\">OCERGY d\u00e9cline toute responsabilit\u00e9 pour toute perte ou dommage d\u00e9coulant de l&rsquo;utilisation de ce site Internet ou de son contenu, ou de la confiance qui leur est accord\u00e9e.<\/span><\/p>\n<p><span lang=\"fr\">L&rsquo;acc\u00e8s \u00e0 ce site Internet ne cr\u00e9e aucune relation avocat-client ni aucune autre relation professionnelle entre vous et OCERGY.<\/span><\/p>\n<p><span lang=\"fr\">Pour toute demande juridique ou question relative \u00e0 ce site Internet et \u00e0 son contenu, veuillez nous contacter \u00e0 l&rsquo;adresse <\/span><a title=\"mailto:legal@ocergy.com\" href=\"mailto:legal@ocergy.com\" data-linkindex=\"2\"><span lang=\"fr\">legal@ocergy.com<\/span><\/a><span lang=\"fr\">.<\/span><\/p>\n<p><b>D\u00e9veloppement et h\u00e9bergement :<\/b> Getup Agency[\/vc_column_text][\/vc_column][\/vc_row][\/vc_section]<\/p>\n<\/div>","protected":false},"excerpt":{"rendered":"<p>[vc_section el_id=\u00a0\u00bbpage-legal-notice\u00a0\u00bb][vc_row bg_position=\u00a0\u00bbcenter center\u00a0\u00bb enable_overlay=\u00a0\u00bbyes\u00a0\u00bb el_id=\u00a0\u00bbheader-page\u00a0\u00bb css=\u00a0\u00bb.vc_custom_1695715999274{padding-bottom: 132px !important;background-image: url(https:\/\/www.ocergy.com\/wp-content\/uploads\/2023\/09\/WEB-OCG-BG3.jpg?id=1364) !important;background-position: center !important;background-repeat: no-repeat !important;background-size:&#8230;<\/p>\n","protected":false},"author":1,"featured_media":0,"parent":0,"menu_order":0,"comment_status":"closed","ping_status":"closed","template":"","meta":{"_acf_changed":false,"footnotes":""},"class_list":["post-1267","page","type-page","status-publish","hentry"],"acf":[],"yoast_head":"<!-- This site is optimized with the Yoast SEO plugin v24.6 - https:\/\/yoast.com\/wordpress\/plugins\/seo\/ -->\n<title>Ocergy - Legal Information and Disclaimer<\/title>\n<meta name=\"description\" content=\"Consult our legal notice for detailed legal information about Ocergy. Find out more about our legal responsibilities and commitments\" \/>\n<meta name=\"robots\" content=\"index, follow, max-snippet:-1, max-image-preview:large, max-video-preview:-1\" \/>\n<link rel=\"canonical\" href=\"https:\/\/www.ocergy.com\/fr\/legal-notice\" \/>\n<meta property=\"og:locale\" content=\"fr_FR\" \/>\n<meta property=\"og:type\" content=\"article\" \/>\n<meta property=\"og:title\" content=\"Ocergy - Legal Information and Disclaimer\" \/>\n<meta property=\"og:description\" content=\"Consult our legal notice for detailed legal information about Ocergy. Find out more about our legal responsibilities and commitments\" \/>\n<meta property=\"og:url\" content=\"https:\/\/www.ocergy.com\/fr\/legal-notice\" \/>\n<meta property=\"og:site_name\" content=\"Ocergy\" \/>\n<meta property=\"article:modified_time\" content=\"2026-03-31T22:11:42+00:00\" \/>\n<meta name=\"twitter:card\" content=\"summary_large_image\" \/>\n<meta name=\"twitter:label1\" content=\"Dur\u00e9e de lecture estim\u00e9e\" \/>\n\t<meta name=\"twitter:data1\" content=\"2 minutes\" \/>\n<script type=\"application\/ld+json\" class=\"yoast-schema-graph\">{\"@context\":\"https:\/\/schema.org\",\"@graph\":[{\"@type\":\"WebPage\",\"@id\":\"https:\/\/www.ocergy.com\/fr\/legal-notice\",\"url\":\"https:\/\/www.ocergy.com\/fr\/legal-notice\",\"name\":\"Ocergy - Legal Information and Disclaimer\",\"isPartOf\":{\"@id\":\"https:\/\/www.ocergy.com\/#website\"},\"datePublished\":\"2023-07-18T07:52:27+00:00\",\"dateModified\":\"2026-03-31T22:11:42+00:00\",\"description\":\"Consult our legal notice for detailed legal information about Ocergy. Find out more about our legal responsibilities and commitments\",\"breadcrumb\":{\"@id\":\"https:\/\/www.ocergy.com\/fr\/legal-notice#breadcrumb\"},\"inLanguage\":\"fr-FR\",\"potentialAction\":[{\"@type\":\"ReadAction\",\"target\":[\"https:\/\/www.ocergy.com\/fr\/legal-notice\"]}]},{\"@type\":\"BreadcrumbList\",\"@id\":\"https:\/\/www.ocergy.com\/fr\/legal-notice#breadcrumb\",\"itemListElement\":[{\"@type\":\"ListItem\",\"position\":1,\"name\":\"Accueil\",\"item\":\"https:\/\/www.ocergy.com\/fr\"},{\"@type\":\"ListItem\",\"position\":2,\"name\":\"Legal Notice\"}]},{\"@type\":\"WebSite\",\"@id\":\"https:\/\/www.ocergy.com\/#website\",\"url\":\"https:\/\/www.ocergy.com\/\",\"name\":\"Ocergy\",\"description\":\"\",\"publisher\":{\"@id\":\"https:\/\/www.ocergy.com\/#organization\"},\"potentialAction\":[{\"@type\":\"SearchAction\",\"target\":{\"@type\":\"EntryPoint\",\"urlTemplate\":\"https:\/\/www.ocergy.com\/?s={search_term_string}\"},\"query-input\":{\"@type\":\"PropertyValueSpecification\",\"valueRequired\":true,\"valueName\":\"search_term_string\"}}],\"inLanguage\":\"fr-FR\"},{\"@type\":\"Organization\",\"@id\":\"https:\/\/www.ocergy.com\/#organization\",\"name\":\"OCERGY\",\"url\":\"https:\/\/www.ocergy.com\/\",\"logo\":{\"@type\":\"ImageObject\",\"inLanguage\":\"fr-FR\",\"@id\":\"https:\/\/www.ocergy.com\/#\/schema\/logo\/image\/\",\"url\":\"https:\/\/www.ocergy.com\/wp-content\/uploads\/2023\/07\/white-logo.svg\",\"contentUrl\":\"https:\/\/www.ocergy.com\/wp-content\/uploads\/2023\/07\/white-logo.svg\",\"width\":164,\"height\":148.79,\"caption\":\"OCERGY\"},\"image\":{\"@id\":\"https:\/\/www.ocergy.com\/#\/schema\/logo\/image\/\"},\"sameAs\":[\"https:\/\/fr.linkedin.com\/company\/ocergy\",\"https:\/\/www.youtube.com\/channel\/UCgZmdvgrJbDnBr02tUOBrcg\"]}]}<\/script>\n<!-- \/ Yoast SEO plugin. -->","yoast_head_json":{"title":"Ocergy - Legal Information and Disclaimer","description":"Consult our legal notice for detailed legal information about Ocergy. Find out more about our legal responsibilities and commitments","robots":{"index":"index","follow":"follow","max-snippet":"max-snippet:-1","max-image-preview":"max-image-preview:large","max-video-preview":"max-video-preview:-1"},"canonical":"https:\/\/www.ocergy.com\/fr\/legal-notice","og_locale":"fr_FR","og_type":"article","og_title":"Ocergy - Legal Information and Disclaimer","og_description":"Consult our legal notice for detailed legal information about Ocergy. Find out more about our legal responsibilities and commitments","og_url":"https:\/\/www.ocergy.com\/fr\/legal-notice","og_site_name":"Ocergy","article_modified_time":"2026-03-31T22:11:42+00:00","twitter_card":"summary_large_image","twitter_misc":{"Dur\u00e9e de lecture estim\u00e9e":"2 minutes"},"schema":{"@context":"https:\/\/schema.org","@graph":[{"@type":"WebPage","@id":"https:\/\/www.ocergy.com\/fr\/legal-notice","url":"https:\/\/www.ocergy.com\/fr\/legal-notice","name":"Ocergy - Legal Information and Disclaimer","isPartOf":{"@id":"https:\/\/www.ocergy.com\/#website"},"datePublished":"2023-07-18T07:52:27+00:00","dateModified":"2026-03-31T22:11:42+00:00","description":"Consult our legal notice for detailed legal information about Ocergy. Find out more about our legal responsibilities and commitments","breadcrumb":{"@id":"https:\/\/www.ocergy.com\/fr\/legal-notice#breadcrumb"},"inLanguage":"fr-FR","potentialAction":[{"@type":"ReadAction","target":["https:\/\/www.ocergy.com\/fr\/legal-notice"]}]},{"@type":"BreadcrumbList","@id":"https:\/\/www.ocergy.com\/fr\/legal-notice#breadcrumb","itemListElement":[{"@type":"ListItem","position":1,"name":"Accueil","item":"https:\/\/www.ocergy.com\/fr"},{"@type":"ListItem","position":2,"name":"Legal Notice"}]},{"@type":"WebSite","@id":"https:\/\/www.ocergy.com\/#website","url":"https:\/\/www.ocergy.com\/","name":"Ocergy","description":"","publisher":{"@id":"https:\/\/www.ocergy.com\/#organization"},"potentialAction":[{"@type":"SearchAction","target":{"@type":"EntryPoint","urlTemplate":"https:\/\/www.ocergy.com\/?s={search_term_string}"},"query-input":{"@type":"PropertyValueSpecification","valueRequired":true,"valueName":"search_term_string"}}],"inLanguage":"fr-FR"},{"@type":"Organization","@id":"https:\/\/www.ocergy.com\/#organization","name":"OCERGY","url":"https:\/\/www.ocergy.com\/","logo":{"@type":"ImageObject","inLanguage":"fr-FR","@id":"https:\/\/www.ocergy.com\/#\/schema\/logo\/image\/","url":"https:\/\/www.ocergy.com\/wp-content\/uploads\/2023\/07\/white-logo.svg","contentUrl":"https:\/\/www.ocergy.com\/wp-content\/uploads\/2023\/07\/white-logo.svg","width":164,"height":148.79,"caption":"OCERGY"},"image":{"@id":"https:\/\/www.ocergy.com\/#\/schema\/logo\/image\/"},"sameAs":["https:\/\/fr.linkedin.com\/company\/ocergy","https:\/\/www.youtube.com\/channel\/UCgZmdvgrJbDnBr02tUOBrcg"]}]}},"_links":{"self":[{"href":"https:\/\/www.ocergy.com\/fr\/wp-json\/wp\/v2\/pages\/1267","targetHints":{"allow":["GET"]}}],"collection":[{"href":"https:\/\/www.ocergy.com\/fr\/wp-json\/wp\/v2\/pages"}],"about":[{"href":"https:\/\/www.ocergy.com\/fr\/wp-json\/wp\/v2\/types\/page"}],"author":[{"embeddable":true,"href":"https:\/\/www.ocergy.com\/fr\/wp-json\/wp\/v2\/users\/1"}],"replies":[{"embeddable":true,"href":"https:\/\/www.ocergy.com\/fr\/wp-json\/wp\/v2\/comments?post=1267"}],"version-history":[{"count":10,"href":"https:\/\/www.ocergy.com\/fr\/wp-json\/wp\/v2\/pages\/1267\/revisions"}],"predecessor-version":[{"id":2215,"href":"https:\/\/www.ocergy.com\/fr\/wp-json\/wp\/v2\/pages\/1267\/revisions\/2215"}],"wp:attachment":[{"href":"https:\/\/www.ocergy.com\/fr\/wp-json\/wp\/v2\/media?parent=1267"}],"curies":[{"name":"wp","href":"https:\/\/api.w.org\/{rel}","templated":true}]}}