{"id":1400,"date":"2023-09-15T09:58:02","date_gmt":"2023-09-15T07:58:02","guid":{"rendered":"https:\/\/www.ocergy.com\/?page_id=1400"},"modified":"2023-09-15T10:45:24","modified_gmt":"2023-09-15T08:45:24","slug":"404-2","status":"publish","type":"page","link":"https:\/\/www.ocergy.com\/fr\/404-2","title":{"rendered":"404"},"content":{"rendered":"<div class=\"wpb-content-wrapper\"><p>[vc_section el_id=\u00a0\u00bbpage-404&Prime;][vc_row bg_position=\u00a0\u00bbcenter center\u00a0\u00bb enable_overlay=\u00a0\u00bbyes\u00a0\u00bb el_id=\u00a0\u00bbheader-page\u00a0\u00bb css=\u00a0\u00bb.vc_custom_1694766998821{background-image: url(https:\/\/www.ocergy.com\/wp-content\/uploads\/2023\/08\/WEB-OCG-BG8_1.jpg?id=662) !important;background-position: center !important;background-repeat: no-repeat !important;background-size: cover !important;}\u00a0\u00bb responsive_css=\u00a0\u00bbpadding_bottom_large:132px\u00a0\u00bb overlay_bg=\u00a0\u00bblinear-gradient(180deg, rgb(2,70,104) 0.3184713375796178%, rgba(46,102,130,0.74) 63.37579617834395%, rgba(4,72,105,0.04) 92.67515923566879%, rgba(2,70,104,0) 100%)\u00a0\u00bb][vc_column][vc_custom_heading text=\u00a0\u00bbPage non trouv\u00e9e\u00a0\u00bb font_container=\u00a0\u00bbtag:h1|text_align:left\u00a0\u00bb][\/vc_column][\/vc_row][vc_row responsive_css=\u00a0\u00bbpadding_top_large:90px|padding_bottom_large:90px\u00a0\u00bb css=\u00a0\u00bb.vc_custom_1694765552676{padding-top: 30px !important;padding-bottom: 30px !important;}\u00a0\u00bb el_id=\u00a0\u00bbbloc-text-404&Prime;][vc_column align=\u00a0\u00bbtext-center\u00a0\u00bb][vc_column_text el_class=\u00a0\u00bbovertitle\u00a0\u00bb]Oups[\/vc_column_text][vc_custom_heading text=\u00a0\u00bbErreur 404&Prime; font_container=\u00a0\u00bbtag:h2|text_align:center\u00a0\u00bb][vc_column_text]Nous sommes d\u00e9sol\u00e9s, la page que vous avez demand\u00e9e n&rsquo;a pu \u00eatre trouv\u00e9e.<br \/>\nVeuillez retourner \u00e0 la page d&rsquo;accueil[\/vc_column_text]<a href=\"https:\/\/www.ocergy.com\/\" title=\"Home\" class=\"btn btn-solid btn-bordered border-thin button-white\">\n\t<span>\n\t\t\n\t\t\t\t\t<span class=\"btn-txt\">Accueil<\/span>\n\t\t\t\n\t\t\t\t<\/span>\n<\/a>\n[\/vc_column][\/vc_row][\/vc_section]<\/p>\n<\/div>","protected":false},"excerpt":{"rendered":"<p>[vc_section el_id=\u00a0\u00bbpage-404&Prime;][vc_row bg_position=\u00a0\u00bbcenter center\u00a0\u00bb enable_overlay=\u00a0\u00bbyes\u00a0\u00bb el_id=\u00a0\u00bbheader-page\u00a0\u00bb css=\u00a0\u00bb.vc_custom_1694766998821{background-image: url(https:\/\/www.ocergy.com\/wp-content\/uploads\/2023\/08\/WEB-OCG-BG8_1.jpg?id=662) !important;background-position: center !important;background-repeat: no-repeat !important;background-size: cover !important;}\u00a0\u00bb&#8230;<\/p>\n","protected":false},"author":1,"featured_media":0,"parent":0,"menu_order":0,"comment_status":"closed","ping_status":"closed","template":"","meta":{"_acf_changed":false,"footnotes":""},"class_list":["post-1400","page","type-page","status-publish","hentry"],"acf":[],"yoast_head":"<!-- This site is optimized with the Yoast SEO plugin v24.6 - https:\/\/yoast.com\/wordpress\/plugins\/seo\/ -->\n<title>404 - Ocergy<\/title>\n<meta name=\"robots\" content=\"index, follow, max-snippet:-1, max-image-preview:large, max-video-preview:-1\" \/>\n<link rel=\"canonical\" href=\"https:\/\/www.ocergy.com\/fr\/404-2\" \/>\n<meta property=\"og:locale\" content=\"fr_FR\" \/>\n<meta property=\"og:type\" content=\"article\" \/>\n<meta property=\"og:title\" content=\"404 - Ocergy\" \/>\n<meta property=\"og:description\" content=\"[vc_section el_id=\u00a0\u00bbpage-404&Prime;][vc_row bg_position=\u00a0\u00bbcenter center\u00a0\u00bb enable_overlay=\u00a0\u00bbyes\u00a0\u00bb el_id=\u00a0\u00bbheader-page\u00a0\u00bb css=\u00a0\u00bb.vc_custom_1694766998821{background-image: url(https:\/\/www.ocergy.com\/wp-content\/uploads\/2023\/08\/WEB-OCG-BG8_1.jpg?id=662) !important;background-position: center !important;background-repeat: no-repeat !important;background-size: cover !important;}\u00a0\u00bb...\" \/>\n<meta property=\"og:url\" content=\"https:\/\/www.ocergy.com\/fr\/404-2\" \/>\n<meta property=\"og:site_name\" content=\"Ocergy\" \/>\n<meta property=\"article:modified_time\" content=\"2023-09-15T08:45:24+00:00\" \/>\n<meta name=\"twitter:card\" content=\"summary_large_image\" \/>\n<meta name=\"twitter:label1\" content=\"Dur\u00e9e de lecture estim\u00e9e\" \/>\n\t<meta name=\"twitter:data1\" content=\"1 minute\" \/>\n<script type=\"application\/ld+json\" class=\"yoast-schema-graph\">{\"@context\":\"https:\/\/schema.org\",\"@graph\":[{\"@type\":\"WebPage\",\"@id\":\"https:\/\/www.ocergy.com\/fr\/404-2\",\"url\":\"https:\/\/www.ocergy.com\/fr\/404-2\",\"name\":\"404 - Ocergy\",\"isPartOf\":{\"@id\":\"https:\/\/www.ocergy.com\/#website\"},\"datePublished\":\"2023-09-15T07:58:02+00:00\",\"dateModified\":\"2023-09-15T08:45:24+00:00\",\"breadcrumb\":{\"@id\":\"https:\/\/www.ocergy.com\/fr\/404-2#breadcrumb\"},\"inLanguage\":\"fr-FR\",\"potentialAction\":[{\"@type\":\"ReadAction\",\"target\":[\"https:\/\/www.ocergy.com\/fr\/404-2\"]}]},{\"@type\":\"BreadcrumbList\",\"@id\":\"https:\/\/www.ocergy.com\/fr\/404-2#breadcrumb\",\"itemListElement\":[{\"@type\":\"ListItem\",\"position\":1,\"name\":\"Accueil\",\"item\":\"https:\/\/www.ocergy.com\/fr\"},{\"@type\":\"ListItem\",\"position\":2,\"name\":\"404\"}]},{\"@type\":\"WebSite\",\"@id\":\"https:\/\/www.ocergy.com\/#website\",\"url\":\"https:\/\/www.ocergy.com\/\",\"name\":\"Ocergy\",\"description\":\"\",\"publisher\":{\"@id\":\"https:\/\/www.ocergy.com\/#organization\"},\"potentialAction\":[{\"@type\":\"SearchAction\",\"target\":{\"@type\":\"EntryPoint\",\"urlTemplate\":\"https:\/\/www.ocergy.com\/?s={search_term_string}\"},\"query-input\":{\"@type\":\"PropertyValueSpecification\",\"valueRequired\":true,\"valueName\":\"search_term_string\"}}],\"inLanguage\":\"fr-FR\"},{\"@type\":\"Organization\",\"@id\":\"https:\/\/www.ocergy.com\/#organization\",\"name\":\"OCERGY\",\"url\":\"https:\/\/www.ocergy.com\/\",\"logo\":{\"@type\":\"ImageObject\",\"inLanguage\":\"fr-FR\",\"@id\":\"https:\/\/www.ocergy.com\/#\/schema\/logo\/image\/\",\"url\":\"https:\/\/www.ocergy.com\/wp-content\/uploads\/2023\/07\/white-logo.svg\",\"contentUrl\":\"https:\/\/www.ocergy.com\/wp-content\/uploads\/2023\/07\/white-logo.svg\",\"width\":164,\"height\":148.79,\"caption\":\"OCERGY\"},\"image\":{\"@id\":\"https:\/\/www.ocergy.com\/#\/schema\/logo\/image\/\"},\"sameAs\":[\"https:\/\/fr.linkedin.com\/company\/ocergy\",\"https:\/\/www.youtube.com\/channel\/UCgZmdvgrJbDnBr02tUOBrcg\"]}]}<\/script>\n<!-- \/ Yoast SEO plugin. -->","yoast_head_json":{"title":"404 - Ocergy","robots":{"index":"index","follow":"follow","max-snippet":"max-snippet:-1","max-image-preview":"max-image-preview:large","max-video-preview":"max-video-preview:-1"},"canonical":"https:\/\/www.ocergy.com\/fr\/404-2","og_locale":"fr_FR","og_type":"article","og_title":"404 - Ocergy","og_description":"[vc_section el_id=\u00a0\u00bbpage-404&Prime;][vc_row bg_position=\u00a0\u00bbcenter center\u00a0\u00bb enable_overlay=\u00a0\u00bbyes\u00a0\u00bb el_id=\u00a0\u00bbheader-page\u00a0\u00bb css=\u00a0\u00bb.vc_custom_1694766998821{background-image: url(https:\/\/www.ocergy.com\/wp-content\/uploads\/2023\/08\/WEB-OCG-BG8_1.jpg?id=662) !important;background-position: center !important;background-repeat: no-repeat !important;background-size: cover !important;}\u00a0\u00bb...","og_url":"https:\/\/www.ocergy.com\/fr\/404-2","og_site_name":"Ocergy","article_modified_time":"2023-09-15T08:45:24+00:00","twitter_card":"summary_large_image","twitter_misc":{"Dur\u00e9e de lecture estim\u00e9e":"1 minute"},"schema":{"@context":"https:\/\/schema.org","@graph":[{"@type":"WebPage","@id":"https:\/\/www.ocergy.com\/fr\/404-2","url":"https:\/\/www.ocergy.com\/fr\/404-2","name":"404 - Ocergy","isPartOf":{"@id":"https:\/\/www.ocergy.com\/#website"},"datePublished":"2023-09-15T07:58:02+00:00","dateModified":"2023-09-15T08:45:24+00:00","breadcrumb":{"@id":"https:\/\/www.ocergy.com\/fr\/404-2#breadcrumb"},"inLanguage":"fr-FR","potentialAction":[{"@type":"ReadAction","target":["https:\/\/www.ocergy.com\/fr\/404-2"]}]},{"@type":"BreadcrumbList","@id":"https:\/\/www.ocergy.com\/fr\/404-2#breadcrumb","itemListElement":[{"@type":"ListItem","position":1,"name":"Accueil","item":"https:\/\/www.ocergy.com\/fr"},{"@type":"ListItem","position":2,"name":"404"}]},{"@type":"WebSite","@id":"https:\/\/www.ocergy.com\/#website","url":"https:\/\/www.ocergy.com\/","name":"Ocergy","description":"","publisher":{"@id":"https:\/\/www.ocergy.com\/#organization"},"potentialAction":[{"@type":"SearchAction","target":{"@type":"EntryPoint","urlTemplate":"https:\/\/www.ocergy.com\/?s={search_term_string}"},"query-input":{"@type":"PropertyValueSpecification","valueRequired":true,"valueName":"search_term_string"}}],"inLanguage":"fr-FR"},{"@type":"Organization","@id":"https:\/\/www.ocergy.com\/#organization","name":"OCERGY","url":"https:\/\/www.ocergy.com\/","logo":{"@type":"ImageObject","inLanguage":"fr-FR","@id":"https:\/\/www.ocergy.com\/#\/schema\/logo\/image\/","url":"https:\/\/www.ocergy.com\/wp-content\/uploads\/2023\/07\/white-logo.svg","contentUrl":"https:\/\/www.ocergy.com\/wp-content\/uploads\/2023\/07\/white-logo.svg","width":164,"height":148.79,"caption":"OCERGY"},"image":{"@id":"https:\/\/www.ocergy.com\/#\/schema\/logo\/image\/"},"sameAs":["https:\/\/fr.linkedin.com\/company\/ocergy","https:\/\/www.youtube.com\/channel\/UCgZmdvgrJbDnBr02tUOBrcg"]}]}},"_links":{"self":[{"href":"https:\/\/www.ocergy.com\/fr\/wp-json\/wp\/v2\/pages\/1400","targetHints":{"allow":["GET"]}}],"collection":[{"href":"https:\/\/www.ocergy.com\/fr\/wp-json\/wp\/v2\/pages"}],"about":[{"href":"https:\/\/www.ocergy.com\/fr\/wp-json\/wp\/v2\/types\/page"}],"author":[{"embeddable":true,"href":"https:\/\/www.ocergy.com\/fr\/wp-json\/wp\/v2\/users\/1"}],"replies":[{"embeddable":true,"href":"https:\/\/www.ocergy.com\/fr\/wp-json\/wp\/v2\/comments?post=1400"}],"version-history":[{"count":4,"href":"https:\/\/www.ocergy.com\/fr\/wp-json\/wp\/v2\/pages\/1400\/revisions"}],"predecessor-version":[{"id":1406,"href":"https:\/\/www.ocergy.com\/fr\/wp-json\/wp\/v2\/pages\/1400\/revisions\/1406"}],"wp:attachment":[{"href":"https:\/\/www.ocergy.com\/fr\/wp-json\/wp\/v2\/media?parent=1400"}],"curies":[{"name":"wp","href":"https:\/\/api.w.org\/{rel}","templated":true}]}}