{"id":1744,"date":"2024-01-22T15:04:34","date_gmt":"2024-01-22T14:04:34","guid":{"rendered":"https:\/\/www.ocergy.com\/?page_id=1744"},"modified":"2026-03-30T22:10:03","modified_gmt":"2026-03-30T20:10:03","slug":"quality","status":"publish","type":"page","link":"https:\/\/www.ocergy.com\/fr\/quality","title":{"rendered":"Quality"},"content":{"rendered":"<div class=\"wpb-content-wrapper\"><p>[vc_section el_id=\u00a0\u00bbpage-legal-notice\u00a0\u00bb][vc_row bg_position=\u00a0\u00bbcenter center\u00a0\u00bb enable_overlay=\u00a0\u00bbyes\u00a0\u00bb el_id=\u00a0\u00bbheader-page\u00a0\u00bb css=\u00a0\u00bb.vc_custom_1705954791191{padding-bottom: 132px !important;background-image: url(https:\/\/www.ocergy.com\/wp-content\/uploads\/2024\/01\/OCG-DATA-Structure-assembly37.jpeg?id=1760) !important;background-position: center !important;background-repeat: no-repeat !important;background-size: cover !important;}\u00a0\u00bb responsive_css=\u00a0\u00bbpadding_bottom_large:132px|padding_bottom_medium:132px|padding_bottom_small:132px\u00a0\u00bb overlay_bg=\u00a0\u00bblinear-gradient(180deg, rgb(2, 70, 104) 0%, rgba(46, 102, 130, 0.74) 33.99339933993399%, rgba(4, 72, 105, 0.04) 71.28712871287128%, rgba(2, 70, 104, 0) 100%)\u00a0\u00bb][vc_column][vc_custom_heading text=\u00a0\u00bbPolitiques de l&rsquo;entreprise\u00a0\u00bb font_container=\u00a0\u00bbtag:h1|text_align:left\u00a0\u00bb][\/vc_column][\/vc_row][vc_row bg_position=\u00a0\u00bbcenter center\u00a0\u00bb css=\u00a0\u00bb.vc_custom_1706007277704{padding-top: 30px !important;padding-bottom: 30px !important;background-image: url(https:\/\/www.ocergy.com\/wp-content\/uploads\/2023\/07\/groupe-148.svg?id=201) !important;background-position: center !important;background-repeat: no-repeat !important;background-size: cover !important;}\u00a0\u00bb responsive_css=\u00a0\u00bbpadding_top_large:90px|padding_bottom_large:90px\u00a0\u00bb el_id=\u00a0\u00bbdescription-quality\u00a0\u00bb][vc_column][vc_column_text el_class=\u00a0\u00bbovertitle\u00a0\u00bb]QMS[\/vc_column_text][vc_custom_heading text=\u00a0\u00bbPolitique qualit\u00e9 d&rsquo;Ocergy\u00a0\u00bb][vc_column_text el_class=\u00a0\u00bbdescritpion\u00a0\u00bb]Ocergy con\u00e7oit des plates-formes flottantes performantes pour le secteur offshore, en mettant particuli\u00e8rement l&rsquo;accent sur l&rsquo;\u00e9olien offshore et d&rsquo;autres applications durables. Nous proposons \u00e0 nos clients des solutions innovantes sans transiger sur nos normes de qualit\u00e9 les plus \u00e9lev\u00e9es ni sur notre niveau d&rsquo;excellence en mati\u00e8re de satisfaction client. Nous nous effor\u00e7ons de comprendre les besoins de nos clients et de les accompagner en d\u00e9veloppant des solutions pertinentes, plus intelligentes et \u00e9volutives. Nous nous engageons \u00e0 am\u00e9liorer continuellement nos services en maintenant un niveau d&rsquo;excellence et en r\u00e9pondant avec fiert\u00e9 \u00e0 toutes les exigences applicables, y compris celles de la norme ISO 9001.[\/vc_column_text][vc_row_inner el_class=\u00a0\u00bbrow-logos-dnv\u00a0\u00bb][vc_column_inner][vc_single_image image=\u00a0\u00bb1975&Prime; img_size=\u00a0\u00bbfull\u00a0\u00bb el_class=\u00a0\u00bblogo-one\u00a0\u00bb][vc_single_image image=\u00a0\u00bb1972&Prime; img_size=\u00a0\u00bbfull\u00a0\u00bb el_class=\u00a0\u00bblogo-two\u00a0\u00bb][\/vc_column_inner][\/vc_row_inner][\/vc_column][\/vc_row][vc_row el_id=\u00a0\u00bbdescription-legal-notice\u00a0\u00bb responsive_css=\u00a0\u00bbpadding_top_large:90px|padding_bottom_large:90px\u00a0\u00bb css=\u00a0\u00bb.vc_custom_1706019070159{padding-top: 30px !important;padding-bottom: 30px !important;}\u00a0\u00bb el_class=\u00a0\u00bbdescription-policy\u00a0\u00bb][vc_column][vc_column_text el_class=\u00a0\u00bbovertitle\u00a0\u00bb]HS&amp;E[\/vc_column_text][vc_custom_heading text=\u00a0\u00bbPolitique d&rsquo;Ocergy en mati\u00e8re de sant\u00e9, de s\u00e9curit\u00e9 et d&rsquo;environnement\u00a0\u00bb][vc_column_text]OCERGY s&rsquo;engage \u00e0 d\u00e9velopper des solutions offshore durables qui contribuent \u00e0 lutter contre le changement climatique en r\u00e9duisant notre empreinte carbone tout en permettant l&rsquo;exploitation des \u00e9nergies renouvelables.<\/p>\n<p>OCERGY vise \u00e0 offrir un environnement de travail sain, sans accident du personnel ni dommage aux installations ou \u00e0 l&rsquo;environnement.<\/p>\n<p>Pour atteindre nos objectifs HSE, les employ\u00e9s et les sous-traitants d&rsquo;OCG doivent respecter les principes \u00e9num\u00e9r\u00e9s ci-dessous :<\/p>\n<p>&#8211; Cr\u00e9er un climat de travail agr\u00e9able qui prot\u00e8ge la sant\u00e9 et la s\u00e9curit\u00e9 de toutes les personnes impliqu\u00e9es dans nos activit\u00e9s ou affect\u00e9es par celles-ci, et qui pr\u00e9serve l&rsquo;environnement<br \/>\n&#8211; Travailler ensemble de mani\u00e8re s\u00fbre et respectueuse de l&rsquo;environnement, en conformit\u00e9 avec les r\u00e9glementations HSE et les exigences HSE des clients<br \/>\n&#8211; \u00catre responsables, \u00e9liminer ou r\u00e9duire les risques d&rsquo;accident gr\u00e2ce \u00e0 la conception, \u00e0 l&rsquo;am\u00e9lioration ou aux le\u00e7ons tir\u00e9es de l&rsquo;exp\u00e9rience<br \/>\n&#8211; S&rsquo;exprimer et cesser de travailler si les conditions sont jug\u00e9es dangereuses<br \/>\n&#8211; Valoriser les bonnes performances HSE<br \/>\nLe respect de cette politique rel\u00e8ve de la responsabilit\u00e9 de la direction, des employ\u00e9s et des sous-traitants d&rsquo;OCG.<\/p>\n<p>La politique HSE sera r\u00e9vis\u00e9e r\u00e9guli\u00e8rement afin de s&rsquo;assurer qu&rsquo;elle reste pertinente et adapt\u00e9e \u00e0 OCERGY et qu&rsquo;elle satisfait \u00e0 toutes les exigences applicables, y compris celles de la norme ISO 14001.[\/vc_column_text][\/vc_column][\/vc_row][\/vc_section]<\/p>\n<\/div>","protected":false},"excerpt":{"rendered":"<p>[vc_section el_id=\u00a0\u00bbpage-legal-notice\u00a0\u00bb][vc_row bg_position=\u00a0\u00bbcenter center\u00a0\u00bb enable_overlay=\u00a0\u00bbyes\u00a0\u00bb el_id=\u00a0\u00bbheader-page\u00a0\u00bb css=\u00a0\u00bb.vc_custom_1705954791191{padding-bottom: 132px !important;background-image: url(https:\/\/www.ocergy.com\/wp-content\/uploads\/2024\/01\/OCG-DATA-Structure-assembly37.jpeg?id=1760) !important;background-position: center !important;background-repeat: no-repeat !important;background-size:&#8230;<\/p>\n","protected":false},"author":1,"featured_media":0,"parent":0,"menu_order":0,"comment_status":"closed","ping_status":"closed","template":"","meta":{"_acf_changed":false,"footnotes":""},"class_list":["post-1744","page","type-page","status-publish","hentry"],"acf":[],"yoast_head":"<!-- This site is optimized with the Yoast SEO plugin v24.6 - https:\/\/yoast.com\/wordpress\/plugins\/seo\/ -->\n<title>Ocergy - Quality management system<\/title>\n<meta name=\"description\" content=\"Quality management system - Floating platforms for the offshore industry - those of ISO9001\" \/>\n<meta name=\"robots\" content=\"index, follow, max-snippet:-1, max-image-preview:large, max-video-preview:-1\" \/>\n<link rel=\"canonical\" href=\"https:\/\/www.ocergy.com\/fr\/quality\" \/>\n<meta property=\"og:locale\" content=\"fr_FR\" \/>\n<meta property=\"og:type\" content=\"article\" \/>\n<meta property=\"og:title\" content=\"Ocergy - Quality management system\" \/>\n<meta property=\"og:description\" content=\"Quality management system - Floating platforms for the offshore industry - those of ISO9001\" \/>\n<meta property=\"og:url\" content=\"https:\/\/www.ocergy.com\/fr\/quality\" \/>\n<meta property=\"og:site_name\" content=\"Ocergy\" \/>\n<meta property=\"article:modified_time\" content=\"2026-03-30T20:10:03+00:00\" \/>\n<meta name=\"twitter:card\" content=\"summary_large_image\" \/>\n<meta name=\"twitter:label1\" content=\"Dur\u00e9e de lecture estim\u00e9e\" \/>\n\t<meta name=\"twitter:data1\" content=\"3 minutes\" \/>\n<script type=\"application\/ld+json\" class=\"yoast-schema-graph\">{\"@context\":\"https:\/\/schema.org\",\"@graph\":[{\"@type\":\"WebPage\",\"@id\":\"https:\/\/www.ocergy.com\/fr\/quality\",\"url\":\"https:\/\/www.ocergy.com\/fr\/quality\",\"name\":\"Ocergy - Quality management system\",\"isPartOf\":{\"@id\":\"https:\/\/www.ocergy.com\/#website\"},\"datePublished\":\"2024-01-22T14:04:34+00:00\",\"dateModified\":\"2026-03-30T20:10:03+00:00\",\"description\":\"Quality management system - Floating platforms for the offshore industry - those of ISO9001\",\"breadcrumb\":{\"@id\":\"https:\/\/www.ocergy.com\/fr\/quality#breadcrumb\"},\"inLanguage\":\"fr-FR\",\"potentialAction\":[{\"@type\":\"ReadAction\",\"target\":[\"https:\/\/www.ocergy.com\/fr\/quality\"]}]},{\"@type\":\"BreadcrumbList\",\"@id\":\"https:\/\/www.ocergy.com\/fr\/quality#breadcrumb\",\"itemListElement\":[{\"@type\":\"ListItem\",\"position\":1,\"name\":\"Accueil\",\"item\":\"https:\/\/www.ocergy.com\/fr\"},{\"@type\":\"ListItem\",\"position\":2,\"name\":\"Quality\"}]},{\"@type\":\"WebSite\",\"@id\":\"https:\/\/www.ocergy.com\/#website\",\"url\":\"https:\/\/www.ocergy.com\/\",\"name\":\"Ocergy\",\"description\":\"\",\"publisher\":{\"@id\":\"https:\/\/www.ocergy.com\/#organization\"},\"potentialAction\":[{\"@type\":\"SearchAction\",\"target\":{\"@type\":\"EntryPoint\",\"urlTemplate\":\"https:\/\/www.ocergy.com\/?s={search_term_string}\"},\"query-input\":{\"@type\":\"PropertyValueSpecification\",\"valueRequired\":true,\"valueName\":\"search_term_string\"}}],\"inLanguage\":\"fr-FR\"},{\"@type\":\"Organization\",\"@id\":\"https:\/\/www.ocergy.com\/#organization\",\"name\":\"OCERGY\",\"url\":\"https:\/\/www.ocergy.com\/\",\"logo\":{\"@type\":\"ImageObject\",\"inLanguage\":\"fr-FR\",\"@id\":\"https:\/\/www.ocergy.com\/#\/schema\/logo\/image\/\",\"url\":\"https:\/\/www.ocergy.com\/wp-content\/uploads\/2023\/07\/white-logo.svg\",\"contentUrl\":\"https:\/\/www.ocergy.com\/wp-content\/uploads\/2023\/07\/white-logo.svg\",\"width\":164,\"height\":148.79,\"caption\":\"OCERGY\"},\"image\":{\"@id\":\"https:\/\/www.ocergy.com\/#\/schema\/logo\/image\/\"},\"sameAs\":[\"https:\/\/fr.linkedin.com\/company\/ocergy\",\"https:\/\/www.youtube.com\/channel\/UCgZmdvgrJbDnBr02tUOBrcg\"]}]}<\/script>\n<!-- \/ Yoast SEO plugin. -->","yoast_head_json":{"title":"Ocergy - Quality management system","description":"Quality management system - Floating platforms for the offshore industry - those of ISO9001","robots":{"index":"index","follow":"follow","max-snippet":"max-snippet:-1","max-image-preview":"max-image-preview:large","max-video-preview":"max-video-preview:-1"},"canonical":"https:\/\/www.ocergy.com\/fr\/quality","og_locale":"fr_FR","og_type":"article","og_title":"Ocergy - Quality management system","og_description":"Quality management system - Floating platforms for the offshore industry - those of ISO9001","og_url":"https:\/\/www.ocergy.com\/fr\/quality","og_site_name":"Ocergy","article_modified_time":"2026-03-30T20:10:03+00:00","twitter_card":"summary_large_image","twitter_misc":{"Dur\u00e9e de lecture estim\u00e9e":"3 minutes"},"schema":{"@context":"https:\/\/schema.org","@graph":[{"@type":"WebPage","@id":"https:\/\/www.ocergy.com\/fr\/quality","url":"https:\/\/www.ocergy.com\/fr\/quality","name":"Ocergy - Quality management system","isPartOf":{"@id":"https:\/\/www.ocergy.com\/#website"},"datePublished":"2024-01-22T14:04:34+00:00","dateModified":"2026-03-30T20:10:03+00:00","description":"Quality management system - Floating platforms for the offshore industry - those of ISO9001","breadcrumb":{"@id":"https:\/\/www.ocergy.com\/fr\/quality#breadcrumb"},"inLanguage":"fr-FR","potentialAction":[{"@type":"ReadAction","target":["https:\/\/www.ocergy.com\/fr\/quality"]}]},{"@type":"BreadcrumbList","@id":"https:\/\/www.ocergy.com\/fr\/quality#breadcrumb","itemListElement":[{"@type":"ListItem","position":1,"name":"Accueil","item":"https:\/\/www.ocergy.com\/fr"},{"@type":"ListItem","position":2,"name":"Quality"}]},{"@type":"WebSite","@id":"https:\/\/www.ocergy.com\/#website","url":"https:\/\/www.ocergy.com\/","name":"Ocergy","description":"","publisher":{"@id":"https:\/\/www.ocergy.com\/#organization"},"potentialAction":[{"@type":"SearchAction","target":{"@type":"EntryPoint","urlTemplate":"https:\/\/www.ocergy.com\/?s={search_term_string}"},"query-input":{"@type":"PropertyValueSpecification","valueRequired":true,"valueName":"search_term_string"}}],"inLanguage":"fr-FR"},{"@type":"Organization","@id":"https:\/\/www.ocergy.com\/#organization","name":"OCERGY","url":"https:\/\/www.ocergy.com\/","logo":{"@type":"ImageObject","inLanguage":"fr-FR","@id":"https:\/\/www.ocergy.com\/#\/schema\/logo\/image\/","url":"https:\/\/www.ocergy.com\/wp-content\/uploads\/2023\/07\/white-logo.svg","contentUrl":"https:\/\/www.ocergy.com\/wp-content\/uploads\/2023\/07\/white-logo.svg","width":164,"height":148.79,"caption":"OCERGY"},"image":{"@id":"https:\/\/www.ocergy.com\/#\/schema\/logo\/image\/"},"sameAs":["https:\/\/fr.linkedin.com\/company\/ocergy","https:\/\/www.youtube.com\/channel\/UCgZmdvgrJbDnBr02tUOBrcg"]}]}},"_links":{"self":[{"href":"https:\/\/www.ocergy.com\/fr\/wp-json\/wp\/v2\/pages\/1744","targetHints":{"allow":["GET"]}}],"collection":[{"href":"https:\/\/www.ocergy.com\/fr\/wp-json\/wp\/v2\/pages"}],"about":[{"href":"https:\/\/www.ocergy.com\/fr\/wp-json\/wp\/v2\/types\/page"}],"author":[{"embeddable":true,"href":"https:\/\/www.ocergy.com\/fr\/wp-json\/wp\/v2\/users\/1"}],"replies":[{"embeddable":true,"href":"https:\/\/www.ocergy.com\/fr\/wp-json\/wp\/v2\/comments?post=1744"}],"version-history":[{"count":10,"href":"https:\/\/www.ocergy.com\/fr\/wp-json\/wp\/v2\/pages\/1744\/revisions"}],"predecessor-version":[{"id":2205,"href":"https:\/\/www.ocergy.com\/fr\/wp-json\/wp\/v2\/pages\/1744\/revisions\/2205"}],"wp:attachment":[{"href":"https:\/\/www.ocergy.com\/fr\/wp-json\/wp\/v2\/media?parent=1744"}],"curies":[{"name":"wp","href":"https:\/\/api.w.org\/{rel}","templated":true}]}}